{"id":105,"date":"2025-11-06T14:10:03","date_gmt":"2025-11-06T13:10:03","guid":{"rendered":"https:\/\/geco-begleitheizung.de\/?page_id=105"},"modified":"2026-01-13T09:53:59","modified_gmt":"2026-01-13T08:53:59","slug":"impressum","status":"publish","type":"page","link":"https:\/\/geco-begleitheizung.de\/en\/impressum\/","title":{"rendered":"Imprint"},"content":{"rendered":"<div class=\"wp-block-group alignfull has-global-padding is-layout-constrained wp-container-core-group-is-layout-190373c5 wp-block-group-is-layout-constrained\" style=\"margin-top:0;margin-bottom:0;padding-top:var(--wp--preset--spacing--50);padding-bottom:var(--wp--preset--spacing--50)\">\n<div class=\"wp-block-group alignwide is-layout-flow wp-block-group-is-layout-flow\">\n<h2 class=\"wp-block-heading has-x-large-font-size\">Imprint<\/h2>\n\n\n\n<p class=\"has-text-align-left\" style=\"padding-right:0px;padding-left:0px\">Begleitheizungsbau Geco e. K.<br><br>Inhaber: Geco Kresojevic<br><br>USt-ID-Nr. nach \u00a7 27a Umsatzsteuergesetz: DE 135010021<br><br>Steuernummer: 27050 10190<br><br>Hauptstr. 15b<br>23911 Pogeez<br><br>Tel.: +49 (0)4541 85 86 01<br><br>E-mail: info (at) geco-begleitheizung.de<\/p>\n\n\n\n<p>Siehe auch &#8222;<a href=\"https:\/\/geco-begleitheizung.de\/index.php\/datenschutz.html\">Datenschutzerkl\u00e4rung<\/a>&#8222;.<\/p>\n\n\n\n<h1 class=\"wp-block-heading\">Haftungsausschluss<\/h1>\n\n\n\n<p><em>Only the German version is legally binding.<\/em><\/p>\n\n\n\n<p><strong>Inhalt des Onlineangebotes<\/strong><br>Der Autor \u00fcbernimmt keinerlei Gew\u00e4hr f\u00fcr die Aktualit\u00e4t, Richtigkeit und Vollst\u00e4ndigkeit der bereitgestellten Informationen auf unserer Website. Haftungsanspr\u00fcche gegen den Autor, welche sich auf Sch\u00e4den materieller oder ideeller Art beziehen, die durch die Nutzung oder Nichtnutzung der dargebotenen Informationen bzw. durch die Nutzung fehlerhafter und unvollst\u00e4ndiger Informationen verursacht wurden, sind grunds\u00e4tzlich ausgeschlossen, sofern seitens des Autors kein nachweislich vors\u00e4tzliches oder grob fahrl\u00e4ssiges Verschulden vorliegt. Alle Angebote sind freibleibend und unverbindlich. Der Autor beh\u00e4lt es sich ausdr\u00fccklich vor, Teile der Seiten oder das gesamte Angebot ohne gesonderte Ank\u00fcndigung zu ver\u00e4ndern, zu erg\u00e4nzen, zu l\u00f6schen oder die Ver\u00f6ffentlichung zeitweise oder endg\u00fcltig einzustellen.<\/p>\n\n\n\n<p><strong>Verweise und Links<\/strong><br>Bei direkten oder indirekten Verweisen auf fremde Webseiten (\u201cHyperlinks\u201d), die au\u00dferhalb des Verantwortungsbereiches des Autors liegen, w\u00fcrde eine Haftungsverpflichtung ausschlie\u00dflich in dem Fall in Kraft treten, in dem der Autor von den Inhalten Kenntnis hat und es ihm technisch m\u00f6glich und zumutbar w\u00e4re, die Nutzung im Falle rechtswidriger Inhalte zu verhindern. Der Autor erkl\u00e4rt hiermit ausdr\u00fccklich, dass zum Zeitpunkt der Linksetzung keine illegalen Inhalte auf den zu verlinkenden Seiten erkennbar waren. Auf die aktuelle und zuk\u00fcnftige Gestaltung, die Inhalte oder die Urheberschaft der verlinkten\/verkn\u00fcpften Seiten hat der Autor keinerlei Einfluss. Deshalb distanziert er sich hiermit ausdr\u00fccklich von allen Inhalten aller verlinkten \/verkn\u00fcpften Seiten, die nach der Linksetzung ver\u00e4ndert wurden. Diese Feststellung gilt f\u00fcr alle innerhalb des eigenen Internetangebotes gesetzten Links und Verweise sowie f\u00fcr Fremdeintr\u00e4ge in vom Autor eingerichteten G\u00e4steb\u00fcchern, Diskussionsforen, Linkverzeichnissen, Mailinglisten und in allen anderen Formen von Datenbanken, auf deren Inhalt externe Schreibzugriffe m\u00f6glich sind. F\u00fcr illegale, fehlerhafte oder unvollst\u00e4ndige Inhalte und insbesondere f\u00fcr Sch\u00e4den, die aus der Nutzung oder Nichtnutzung solcherart dargebotener Informationen entstehen, haftet allein der Anbieter der Seite, auf welche verwiesen wurde, nicht derjenige, der \u00fcber Links auf die jeweilige Ver\u00f6ffentlichung lediglich verweist. Der Autor ist bestrebt, in allen Publikationen die Urheberrechte der verwendeten Bilder, Grafiken, Tondokumente, Videosequenzen und Texte zu beachten, von ihm selbst erstellte Bilder, Grafiken, Tondokumente, Videosequenzen und Texte zu nutzen oder auf lizenzfreie Grafiken, Tondokumente, Videosequenzen und Texte zur\u00fcckzugreifen.<\/p>\n\n\n\n<p class=\"has-text-align-left\" style=\"padding-right:0px;padding-left:0px\"><strong>Urheber- und Kennzeichenrecht<\/strong><br>Alle innerhalb des Internetangebotes genannten und ggf. durch Dritte gesch\u00fctzten Marken- und Warenzeichen unterliegen uneingeschr\u00e4nkt den Bestimmungen des jeweils g\u00fcltigen Kennzeichenrechts und den Besitzrechten der jeweiligen eingetragenen Eigent\u00fcmer. Allein aufgrund der blo\u00dfen Nennung ist nicht der Schluss zu ziehen, dass Markenzeichen nicht durch Rechte Dritter gesch\u00fctzt sind! Das Copyright f\u00fcr ver\u00f6ffentlichte, vom Autor selbst erstellte Objekte bleibt allein beim Autor der Seiten. Eine Vervielf\u00e4ltigung oder Verwendung solcher Grafiken, Tondokumente, Videosequenzen und Texte in anderen elektronischen oder gedruckten Publikationen ist ohne ausdr\u00fcckliche Zustimmung des Autors nicht gestattet.<\/p>\n\n\n\n<div style=\"height:52px\" aria-hidden=\"true\" class=\"wp-block-spacer\"><\/div>\n\n\n\n<p class=\"has-text-align-left\" style=\"padding-right:0px;padding-left:0px\"><\/p>\n\n\n\n<figure class=\"wp-block-image size-full\"><img loading=\"lazy\" decoding=\"async\" width=\"1903\" height=\"367\" src=\"https:\/\/geco-begleitheizung.de\/wp-content\/uploads\/2025\/11\/banner3.jpg\" alt=\"\" class=\"wp-image-89\" srcset=\"https:\/\/geco-begleitheizung.de\/wp-content\/uploads\/2025\/11\/banner3.jpg 1903w, https:\/\/geco-begleitheizung.de\/wp-content\/uploads\/2025\/11\/banner3-300x58.jpg 300w, https:\/\/geco-begleitheizung.de\/wp-content\/uploads\/2025\/11\/banner3-1024x197.jpg 1024w, https:\/\/geco-begleitheizung.de\/wp-content\/uploads\/2025\/11\/banner3-768x148.jpg 768w, https:\/\/geco-begleitheizung.de\/wp-content\/uploads\/2025\/11\/banner3-1536x296.jpg 1536w\" sizes=\"auto, (max-width: 1903px) 100vw, 1903px\" \/><\/figure>\n<\/div>\n<\/div>\n\n\n\n<div style=\"height:156px\" aria-hidden=\"true\" class=\"wp-block-spacer\"><\/div>","protected":false},"excerpt":{"rendered":"<p>Impressum Begleitheizungsbau Geco e. K. Inhaber: Geco Kresojevic USt-ID-Nr. nach \u00a7 27a Umsatzsteuergesetz: DE 135010021 Steuernummer: 27050 10190 Hauptstr. 15b23911 Pogeez Tel.: +49 (0)4541 85 86 01 E-mail: info (at) geco-begleitheizung.de Siehe auch &#8222;Datenschutzerkl\u00e4rung&#8222;. Haftungsausschluss Only the German version is legally binding. Inhalt des OnlineangebotesDer Autor \u00fcbernimmt keinerlei Gew\u00e4hr f\u00fcr die Aktualit\u00e4t, Richtigkeit und Vollst\u00e4ndigkeit [&hellip;]<\/p>","protected":false},"author":1,"featured_media":0,"parent":0,"menu_order":0,"comment_status":"closed","ping_status":"closed","template":"page-no-title","meta":{"footnotes":""},"class_list":["post-105","page","type-page","status-publish","hentry"],"_links":{"self":[{"href":"https:\/\/geco-begleitheizung.de\/en\/wp-json\/wp\/v2\/pages\/105","targetHints":{"allow":["GET"]}}],"collection":[{"href":"https:\/\/geco-begleitheizung.de\/en\/wp-json\/wp\/v2\/pages"}],"about":[{"href":"https:\/\/geco-begleitheizung.de\/en\/wp-json\/wp\/v2\/types\/page"}],"author":[{"embeddable":true,"href":"https:\/\/geco-begleitheizung.de\/en\/wp-json\/wp\/v2\/users\/1"}],"replies":[{"embeddable":true,"href":"https:\/\/geco-begleitheizung.de\/en\/wp-json\/wp\/v2\/comments?post=105"}],"version-history":[{"count":4,"href":"https:\/\/geco-begleitheizung.de\/en\/wp-json\/wp\/v2\/pages\/105\/revisions"}],"predecessor-version":[{"id":200,"href":"https:\/\/geco-begleitheizung.de\/en\/wp-json\/wp\/v2\/pages\/105\/revisions\/200"}],"wp:attachment":[{"href":"https:\/\/geco-begleitheizung.de\/en\/wp-json\/wp\/v2\/media?parent=105"}],"curies":[{"name":"wp","href":"https:\/\/api.w.org\/{rel}","templated":true}]}}