{"id":66,"date":"2025-11-06T12:46:52","date_gmt":"2025-11-06T11:46:52","guid":{"rendered":"https:\/\/geco-begleitheizung.de\/?page_id=66"},"modified":"2025-11-11T12:20:57","modified_gmt":"2025-11-11T11:20:57","slug":"karriere","status":"publish","type":"page","link":"https:\/\/geco-begleitheizung.de\/en\/karriere\/","title":{"rendered":"Career"},"content":{"rendered":"<div class=\"wp-block-group alignfull has-global-padding is-layout-constrained wp-container-core-group-is-layout-190373c5 wp-block-group-is-layout-constrained\" style=\"margin-top:0;margin-bottom:0;padding-top:var(--wp--preset--spacing--50);padding-bottom:var(--wp--preset--spacing--50)\">\n<div class=\"wp-block-group alignwide is-layout-flow wp-block-group-is-layout-flow\">\n<h2 class=\"wp-block-heading has-x-large-font-size\">Careers at GECO Begleitheizungsbau<\/h2>\n\n\n\n<p style=\"padding-right:0px;padding-left:0px;line-height:1.5\">GECO Begleitheizung is your competent partner for the construction, modernization, and retrofitting of industrial plants. Our skilled employees cover the full range of heat tracing technology.<br>For small commercial properties as well as large-scale facilities, GECO Begleitheizung, as a family-owned company, offers the full range of services. From planning, material procurement, and prefabrication to installation, commissioning, maintenance, and documentation \u2013 all in accordance with the latest state of the art.<\/p>\n\n\n\n<p style=\"padding-right:0px;padding-left:0px;line-height:1.5\"> <\/p>\n\n\n\n<div style=\"height:52px\" aria-hidden=\"true\" class=\"wp-block-spacer\"><\/div>\n\n\n\n<div class=\"wp-block-columns is-layout-flex wp-container-core-columns-is-layout-28f84493 wp-block-columns-is-layout-flex\">\n<div class=\"wp-block-column is-layout-flow wp-block-column-is-layout-flow\" style=\"flex-basis:50%\">\n<div class=\"wp-block-group is-style-default is-layout-flex wp-block-group-is-layout-flex\">\n<div class=\"wp-block-columns is-layout-flex wp-container-core-columns-is-layout-28f84493 wp-block-columns-is-layout-flex\">\n<div class=\"wp-block-column is-vertically-aligned-center has-global-padding is-content-justification-center is-layout-constrained wp-block-column-is-layout-constrained\">\n<p class=\"has-contrast-color has-accent-2-background-color has-text-color has-background has-link-color wp-elements-ebd960b29cefd5cfd47d7f2afc8ac4c7\">We are currently looking for (m\/f\/d):<br>\u2013 Heat Tracing Installers<br>\u2013 Oxy-fuel Welder (Certificate 311)<br>\u2013 Small-Bore Pipe Fitter<br>\u2013 Assembly Assistant with Craft \/ Trade Experience<br><br>A valid driver\u2019s license and access to a car are desirable.<\/p>\n<\/div>\n<\/div>\n<\/div>\n<\/div>\n\n\n\n<div class=\"wp-block-column is-layout-flow wp-block-column-is-layout-flow\" style=\"flex-basis:50%\">\n<div style=\"height:66px\" aria-hidden=\"true\" class=\"wp-block-spacer\"><\/div>\n\n\n\n<div class=\"wp-block-buttons is-content-justification-center is-layout-flex wp-container-core-buttons-is-layout-86e1f5e2 wp-block-buttons-is-layout-flex\">\n<div class=\"wp-block-button\"><a class=\"wp-block-button__link wp-element-button\" href=\"https:\/\/geco-begleitheizung.de\/en\/kontakt\/\">Apply now!<\/a><\/div>\n<\/div>\n<\/div>\n<\/div>\n<\/div>\n\n\n\n<div class=\"wp-block-columns alignwide is-layout-flex wp-container-core-columns-is-layout-cdebebb7 wp-block-columns-is-layout-flex\" style=\"padding-top:0;padding-bottom:0\">\n<div class=\"wp-block-column is-layout-flow wp-container-core-column-is-layout-8ad66c59 wp-block-column-is-layout-flow\" style=\"padding-top:var(--wp--preset--spacing--70)\">\n<div class=\"wp-block-group is-vertical is-layout-flex wp-container-core-group-is-layout-971a3e1f wp-block-group-is-layout-flex\" style=\"padding-top:var(--wp--preset--spacing--30)\">\n<h3 class=\"wp-block-heading\" style=\"padding-top:var(--wp--preset--spacing--20)\">Bringing projects to life together.<\/h3>\n\n\n\n<p class=\"has-accent-4-color has-text-color has-link-color has-medium-font-size wp-elements-383ab51d82c69ed2273bde0a7a3a6e12\" style=\"line-height:1.5\">This area focuses on the professional installation, assembly, and commissioning of heat tracing systems.<br>Our employees ensure that systems operate reliably \u2013 whether in industry, the chemical sector, or energy supply.<br>Attention to detail, technical understanding, and teamwork are at the core here.<\/p>\n\n\n\n<p class=\"has-accent-4-color has-text-color has-link-color has-medium-font-size wp-elements-e2ed4d9d430c56ae5712f3952aecf0b8\"><\/p>\n<\/div>\n<\/div>\n\n\n\n<div class=\"wp-block-column is-layout-flow wp-container-core-column-is-layout-8ad66c59 wp-block-column-is-layout-flow\" style=\"padding-top:var(--wp--preset--spacing--70)\">\n<div class=\"wp-block-group is-vertical is-layout-flex wp-container-core-group-is-layout-971a3e1f wp-block-group-is-layout-flex\" style=\"padding-top:var(--wp--preset--spacing--30)\">\n<h3 class=\"wp-block-heading\" style=\"padding-top:var(--wp--preset--spacing--20)\">Systematic technical solutions.<\/h3>\n\n\n\n<p class=\"has-accent-4-color has-text-color has-link-color has-medium-font-size wp-elements-197f49da6c8df923545360b83e0dface\">Our planning teams develop tailor-made heating solutions for complex industrial facilities. From selecting suitable components to documentation, this is where engineering expertise, precision, and experience in instrumentation, control, and automation (I&amp;C) technology come together. Those who enjoy structured project work will find exciting tasks with responsibility here.<\/p>\n\n\n\n<p class=\"has-accent-4-color has-text-color has-link-color has-medium-font-size wp-elements-e2ed4d9d430c56ae5712f3952aecf0b8\"><\/p>\n<\/div>\n<\/div>\n\n\n\n<div class=\"wp-block-column is-layout-flow wp-container-core-column-is-layout-8ad66c59 wp-block-column-is-layout-flow\" style=\"padding-top:var(--wp--preset--spacing--70)\">\n<div class=\"wp-block-group is-vertical is-layout-flex wp-container-core-group-is-layout-971a3e1f wp-block-group-is-layout-flex\" style=\"padding-top:var(--wp--preset--spacing--30)\">\n<h3 class=\"wp-block-heading\" style=\"padding-top:var(--wp--preset--spacing--20)\">Organization with foresight.<\/h3>\n\n\n\n<p class=\"has-accent-4-color has-text-color has-link-color has-medium-font-size wp-elements-12bd086e0eaeb5a199260e006d8000d4\">Our project managers ensure that projects run smoothly \u2013 from initial planning through to final acceptance.<br>They coordinate teams, keep an eye on costs and schedules, and act as the main point of contact for our customers. An ideal environment for people with strong organizational skills, technical expertise, and excellent communication abilities.<\/p>\n\n\n\n<p class=\"has-accent-4-color has-text-color has-link-color has-medium-font-size wp-elements-e2ed4d9d430c56ae5712f3952aecf0b8\"><\/p>\n<\/div>\n<\/div>\n<\/div>\n<\/div>\n\n\n\n<div class=\"wp-block-buttons is-content-justification-center is-layout-flex wp-container-core-buttons-is-layout-a89b3969 wp-block-buttons-is-layout-flex\">\n<div class=\"wp-block-button\"><a class=\"wp-block-button__link has-contrast-background-color has-background wp-element-button\" href=\"tel:494541859171\">Feel free to give us a call!<\/a><\/div>\n<\/div>\n\n\n\n<div class=\"wp-block-buttons is-content-justification-center is-layout-flex wp-container-core-buttons-is-layout-a89b3969 wp-block-buttons-is-layout-flex\">\n<div class=\"wp-block-button\"><a class=\"wp-block-button__link has-contrast-background-color has-background wp-element-button\" href=\"tel:494541859171\">P.: +49 (0)4541 859171<\/a><\/div>\n<\/div>\n\n\n\n<div style=\"height:100px\" aria-hidden=\"true\" class=\"wp-block-spacer\"><\/div>","protected":false},"excerpt":{"rendered":"<p>Karriere bei GECO Begleitheizungsbau Geco-Begleitheizung ist ihr kompetenter Partner, bei Neubau, Modernisierung und Umbau industrieller Anlagen. Unsere kompetenten Mitarbeiter decken die gesamte Bandbreite der Begleitheizungstechnik ab.F\u00fcr kleine Gewerbeobjekte sowie f\u00fcr gro\u00dfe Anlagen, bietet Geco-Begleitheizung als familiengef\u00fchrtes Unternehmen alle Leistungen. Von Planung, Materialbesorgung, Vorfertigung, Installation, Inbetriebnahme, Maintenence und Dokumentation, alles nach dem neuesten Stand der Technik. [&hellip;]<\/p>","protected":false},"author":1,"featured_media":0,"parent":0,"menu_order":0,"comment_status":"closed","ping_status":"closed","template":"page-no-title","meta":{"footnotes":""},"class_list":["post-66","page","type-page","status-publish","hentry"],"_links":{"self":[{"href":"https:\/\/geco-begleitheizung.de\/en\/wp-json\/wp\/v2\/pages\/66","targetHints":{"allow":["GET"]}}],"collection":[{"href":"https:\/\/geco-begleitheizung.de\/en\/wp-json\/wp\/v2\/pages"}],"about":[{"href":"https:\/\/geco-begleitheizung.de\/en\/wp-json\/wp\/v2\/types\/page"}],"author":[{"embeddable":true,"href":"https:\/\/geco-begleitheizung.de\/en\/wp-json\/wp\/v2\/users\/1"}],"replies":[{"embeddable":true,"href":"https:\/\/geco-begleitheizung.de\/en\/wp-json\/wp\/v2\/comments?post=66"}],"version-history":[{"count":19,"href":"https:\/\/geco-begleitheizung.de\/en\/wp-json\/wp\/v2\/pages\/66\/revisions"}],"predecessor-version":[{"id":172,"href":"https:\/\/geco-begleitheizung.de\/en\/wp-json\/wp\/v2\/pages\/66\/revisions\/172"}],"wp:attachment":[{"href":"https:\/\/geco-begleitheizung.de\/en\/wp-json\/wp\/v2\/media?parent=66"}],"curies":[{"name":"wp","href":"https:\/\/api.w.org\/{rel}","templated":true}]}}