{"id":95,"date":"2025-11-06T13:56:25","date_gmt":"2025-11-06T12:56:25","guid":{"rendered":"https:\/\/geco-begleitheizung.de\/?page_id=95"},"modified":"2026-01-13T09:37:09","modified_gmt":"2026-01-13T08:37:09","slug":"ueber-uns","status":"publish","type":"page","link":"https:\/\/geco-begleitheizung.de\/en\/ueber-uns\/","title":{"rendered":"About us"},"content":{"rendered":"<div class=\"wp-block-group alignfull has-global-padding is-layout-constrained wp-container-core-group-is-layout-190373c5 wp-block-group-is-layout-constrained\" style=\"margin-top:0;margin-bottom:0;padding-top:var(--wp--preset--spacing--50);padding-bottom:var(--wp--preset--spacing--50)\">\n<div class=\"wp-block-group alignwide has-global-padding is-content-justification-left is-layout-constrained wp-container-core-group-is-layout-12dd3699 wp-block-group-is-layout-constrained\">\n<h2 class=\"wp-block-heading has-x-large-font-size\">About us<\/h2>\n\n\n\n<p><\/p>\n\n\n\n<div class=\"wp-block-group alignfull is-style-default is-layout-flow wp-block-group-is-layout-flow\" style=\"margin-top:0;margin-bottom:0;padding-top:0;padding-bottom:0\">\n<div class=\"wp-block-columns alignwide is-layout-flex wp-container-core-columns-is-layout-66fad18a wp-block-columns-is-layout-flex\">\n<div class=\"wp-block-column is-vertically-aligned-center is-layout-flow wp-block-column-is-layout-flow\" style=\"padding-right:0;padding-left:0;flex-basis:50%\">\n<p class=\"is-style-text-subtitle has-large-font-size is-style-text-subtitle--1\" style=\"line-height:1.5\">On January 4th, 1981, trained machinist and welder Geco Kresojevic founded GECO Heat Tracing. With just one employee, the company completed its first project in industrial heat tracing and pipe welding at a refinery in the greater Hamburg area.\nFrom these early beginnings, GECO has grown into a Europe-wide specialist for technically advanced heat-tracing systems. At our headquarters in Pogeez, highly skilled professionals deliver complex\nprojects to the highest technical standards \u2014 reliably, safely, and with exceptional schedule\nadherence.\nOur focus is on sustainable installation, engineering, and service solutions for industrial thermal and media transport systems. Quality, process reliability, and compliance with applicable standards form the foundation of our daily work.<\/p>\n\n\n\n<p class=\"is-style-text-subtitle has-large-font-size is-style-text-subtitle--2\" style=\"line-height:1.5\"><\/p>\n\n\n\n<p class=\"is-style-text-subtitle has-large-font-size is-style-text-subtitle--3\" style=\"line-height:1.7\"><\/p>\n<\/div>\n\n\n\n<div class=\"wp-block-column is-layout-flow wp-block-column-is-layout-flow\" style=\"padding-right:var(--wp--preset--spacing--50);flex-basis:45%\">\n<figure class=\"wp-block-image size-full\"><img loading=\"lazy\" decoding=\"async\" width=\"1032\" height=\"581\" src=\"https:\/\/geco-begleitheizung.de\/wp-content\/uploads\/2025\/11\/PHOTO-2018-02-06-11-14-12.jpg\" alt=\"\" class=\"wp-image-136\" srcset=\"https:\/\/geco-begleitheizung.de\/wp-content\/uploads\/2025\/11\/PHOTO-2018-02-06-11-14-12.jpg 1032w, https:\/\/geco-begleitheizung.de\/wp-content\/uploads\/2025\/11\/PHOTO-2018-02-06-11-14-12-300x169.jpg 300w, https:\/\/geco-begleitheizung.de\/wp-content\/uploads\/2025\/11\/PHOTO-2018-02-06-11-14-12-1024x576.jpg 1024w, https:\/\/geco-begleitheizung.de\/wp-content\/uploads\/2025\/11\/PHOTO-2018-02-06-11-14-12-768x432.jpg 768w\" sizes=\"auto, (max-width: 1032px) 100vw, 1032px\" \/><\/figure>\n\n\n\n<div class=\"wp-block-group has-global-padding is-layout-constrained wp-block-group-is-layout-constrained\" style=\"margin-top:-12vw\">\n<figure class=\"wp-block-image alignright size-full is-resized\" style=\"margin-right:-5vw;margin-left:-5vw\"><img loading=\"lazy\" decoding=\"async\" width=\"1032\" height=\"581\" src=\"https:\/\/geco-begleitheizung.de\/wp-content\/uploads\/2025\/11\/PHOTO-2018-02-06-11-14-17.jpg\" alt=\"\" class=\"wp-image-134\" style=\"box-shadow:var(--wp--preset--shadow--natural);width:370px;height:auto\" srcset=\"https:\/\/geco-begleitheizung.de\/wp-content\/uploads\/2025\/11\/PHOTO-2018-02-06-11-14-17.jpg 1032w, https:\/\/geco-begleitheizung.de\/wp-content\/uploads\/2025\/11\/PHOTO-2018-02-06-11-14-17-300x169.jpg 300w, https:\/\/geco-begleitheizung.de\/wp-content\/uploads\/2025\/11\/PHOTO-2018-02-06-11-14-17-1024x576.jpg 1024w, https:\/\/geco-begleitheizung.de\/wp-content\/uploads\/2025\/11\/PHOTO-2018-02-06-11-14-17-768x432.jpg 768w\" sizes=\"auto, (max-width: 1032px) 100vw, 1032px\" \/><\/figure>\n<\/div>\n<\/div>\n<\/div>\n<\/div>\n\n\n\n<div class=\"wp-block-group alignfull has-global-padding is-layout-constrained wp-container-core-group-is-layout-0c9c989a wp-block-group-is-layout-constrained\" style=\"min-height:0vh;margin-top:0;margin-bottom:0;padding-top:var(--wp--preset--spacing--70);padding-right:var(--wp--preset--spacing--40);padding-bottom:var(--wp--preset--spacing--70);padding-left:var(--wp--preset--spacing--40)\">\n<div class=\"wp-block-group has-global-padding is-layout-constrained wp-container-core-group-is-layout-346627ba wp-block-group-is-layout-constrained\">\n<h2 class=\"wp-block-heading\">Our Commitment \u2013 Safety, Quality &amp; Reliability<\/h2>\n\n\n\n<p>The expertise of our employees, the technical precision of our work, and the satisfaction of our\ncustomers form the basis of our success. Equally essential is the protection of people and the\nenvironment, as well as the safe and uninterrupted operation of the systems we support.\nTo ensure this commitment in the long term, we follow these principles:<\/p>\n\n\n\n<p><br><strong>Safety Without Compromise<\/strong> Our activities must never endanger employees, third parties, or the environment. Occupational safety and hazard prevention always take top priority.<\/p>\n\n\n\n<p><br><strong>Compliance &amp; Standards<\/strong> We consistently meet all legal, regulatory, and customer-specific requirements \u2014 from occupational safety and pressure equipment directives to facility clearance and approval procedures.<\/p>\n\n\n\n<p><br><strong>Continuous Technical Development<\/strong> We continuously enhance our safety, health, and environmental standards. Modern testing and\ndocumentation methods help us minimize risks, failures, and downtime.<\/p>\n\n\n\n<p><br><strong>Competence Through Qualification<\/strong> Regular training strengthens the technical expertise of our employees and ensures consistently highquality performance.<\/p>\n<\/div>\n<\/div>\n<\/div>\n<\/div>\n\n\n\n<p><\/p>","protected":false},"excerpt":{"rendered":"<p>\u00dcber uns Am 04.01.1981 begann der gelernte Maschinenschlosser und Schwei\u00dfer Geco Kresojevic die Begleitheizungsbau GECO. Mit einem Mitarbeiter startete das Unternehmen seinen ersten Auftrag im Bereich industrieller Begleitheizung und Rohrschwei\u00dftechnik auf einer Raffinerie im Gro\u00dfraum Hamburg. Aus diesen Anf\u00e4ngen hat sich GECO zu einem europaweit t\u00e4tigen Spezialisten f\u00fcr technisch anspruchsvolle Begleitheizungssysteme entwickelt. Am Firmensitz in [&hellip;]<\/p>","protected":false},"author":1,"featured_media":0,"parent":0,"menu_order":0,"comment_status":"closed","ping_status":"closed","template":"page-no-title","meta":{"footnotes":""},"class_list":["post-95","page","type-page","status-publish","hentry"],"_links":{"self":[{"href":"https:\/\/geco-begleitheizung.de\/en\/wp-json\/wp\/v2\/pages\/95","targetHints":{"allow":["GET"]}}],"collection":[{"href":"https:\/\/geco-begleitheizung.de\/en\/wp-json\/wp\/v2\/pages"}],"about":[{"href":"https:\/\/geco-begleitheizung.de\/en\/wp-json\/wp\/v2\/types\/page"}],"author":[{"embeddable":true,"href":"https:\/\/geco-begleitheizung.de\/en\/wp-json\/wp\/v2\/users\/1"}],"replies":[{"embeddable":true,"href":"https:\/\/geco-begleitheizung.de\/en\/wp-json\/wp\/v2\/comments?post=95"}],"version-history":[{"count":14,"href":"https:\/\/geco-begleitheizung.de\/en\/wp-json\/wp\/v2\/pages\/95\/revisions"}],"predecessor-version":[{"id":199,"href":"https:\/\/geco-begleitheizung.de\/en\/wp-json\/wp\/v2\/pages\/95\/revisions\/199"}],"wp:attachment":[{"href":"https:\/\/geco-begleitheizung.de\/en\/wp-json\/wp\/v2\/media?parent=95"}],"curies":[{"name":"wp","href":"https:\/\/api.w.org\/{rel}","templated":true}]}}